{"id":3,"date":"2025-04-17T20:58:37","date_gmt":"2025-04-17T18:58:37","guid":{"rendered":"http:\/\/testwp68-ai.you2.pl\/?page_id=3"},"modified":"2025-10-24T10:24:44","modified_gmt":"2025-10-24T08:24:44","slug":"polityka-prywatnosci","status":"publish","type":"page","link":"https:\/\/sostag.cc\/index.php\/polityka-prywatnosci\/","title":{"rendered":"Polityka prywatno\u015bci"},"content":{"rendered":"<h4><strong>1. Administrator danych<\/strong><\/h4>\n<p>Administratorem danych osobowych jest<br \/>\nJacek Ry\u0144 Studio<br \/>\nul. Polska 7, 81-339 Gdynia<br \/>\nNIP 5882114227<br \/>\nTelefon: 503 873 409<br \/>\nE-mail: info@sostag.cc<\/p>\n<h4><strong>2. Zakres przetwarzanych danych<\/strong><\/h4>\n<p>W formularzu zg\u0142oszenia do pilota\u017cu SOS-TAG \/ ICE przetwarzane s\u0105 wy\u0142\u0105cznie dane dobrowolnie podane przez u\u017cytkownika:<br \/>\n\u2022 imi\u0119 i nazwisko (lub pseudonim),<br \/>\n\u2022 adres e-mail,<br \/>\n\u2022 numer telefonu (opcjonalnie).<\/p>\n<p>Nie s\u0105 zbierane \u017cadne dane medyczne, lokalizacyjne ani dane wra\u017cliwe w rozumieniu art. 9 RODO.<\/p>\n<h4><strong>3. Cel przetwarzania danych<\/strong><\/h4>\n<p>Dane s\u0105 przetwarzane w celu:<br \/>\n\u2022 umo\u017cliwienia kontaktu z osob\u0105 zg\u0142aszaj\u0105c\u0105 si\u0119 do pilota\u017cu,<br \/>\n\u2022 organizacji, komunikacji i realizacji programu testowego,<br \/>\n\u2022 przesy\u0142ania informacji o terminach, zmianach i wynikach pilota\u017cu,<br \/>\n\u2022 ewentualnego zaproszenia do dalszej wsp\u00f3\u0142pracy.<\/p>\n<p>Podstaw\u0105 prawn\u0105 przetwarzania jest art. 6 ust. 1 lit. a RODO \u2013 zgoda osoby, kt\u00f3rej dane dotycz\u0105.<\/p>\n<h4><strong>4. Dobrowolno\u015b\u0107 i okres przechowywania danych<\/strong><\/h4>\n<p>Podanie danych jest dobrowolne, ale niezb\u0119dne do kontaktu w sprawie udzia\u0142u w pilota\u017cu.<br \/>\nDane b\u0119d\u0105 przechowywane przez czas trwania programu pilota\u017cowego oraz maksymalnie 6 miesi\u0119cy po jego zako\u0144czeniu, w celu ewaluacji i kontaktu ko\u0144cowego.<\/p>\n<p>Po tym okresie dane zostan\u0105 trwale usuni\u0119te.<\/p>\n<h4><strong>5. Odbiorcy danych<\/strong><\/h4>\n<p>Dane nie s\u0105 przekazywane innym podmiotom, z wyj\u0105tkiem przypadk\u00f3w wymaganych przepisami prawa.<br \/>\nDane nie s\u0105 przekazywane poza Europejski Obszar Gospodarczy (EOG).<br \/>\nNie s\u0105 te\u017c profilowane ani przetwarzane automatycznie w celach marketingowych.<\/p>\n<h4><strong>6. Prawa osoby, kt\u00f3rej dane dotycz\u0105<\/strong><\/h4>\n<p>Ka\u017cda osoba ma prawo do:<br \/>\n\u2022 dost\u0119pu do swoich danych i uzyskania ich kopii,<br \/>\n\u2022 sprostowania lub usuni\u0119cia danych,<br \/>\n\u2022 ograniczenia przetwarzania,<br \/>\n\u2022 cofni\u0119cia zgody w dowolnym momencie (bez wp\u0142ywu na zgodno\u015b\u0107 z prawem wcze\u015bniejszego przetwarzania),<br \/>\n\u2022 wniesienia skargi do Prezesa Urz\u0119du Ochrony Danych Osobowych (UODO).<\/p>\n<p>Wszelkie wnioski i pytania dotycz\u0105ce przetwarzania danych mo\u017cna kierowa\u0107 na adres: info@sostag.cc<\/p>\n<h4><strong>7. Bezpiecze\u0144stwo danych<\/strong><\/h4>\n<p>Dane s\u0105 przetwarzane zgodnie z zasadami RODO i chronione przed nieuprawnionym dost\u0119pem, utrat\u0105 lub modyfikacj\u0105.<br \/>\nFormularz dzia\u0142a w oparciu o po\u0142\u0105czenie szyfrowane (HTTPS).<\/p>\n","protected":false},"excerpt":{"rendered":"<p>1. Administrator danych Administratorem danych osobowych jest Jacek Ry\u0144 Studio ul. Polska 7, 81-339 Gdynia NIP 5882114227 Telefon: 503 873 409 E-mail: info@sostag.cc 2. Zakres przetwarzanych danych W formularzu zg\u0142oszenia do pilota\u017cu SOS-TAG \/ ICE przetwarzane s\u0105 wy\u0142\u0105cznie dane dobrowolnie podane przez u\u017cytkownika: \u2022 imi\u0119 i nazwisko (lub pseudonim), \u2022 adres e-mail, \u2022 numer telefonu [&hellip;]<\/p>\n","protected":false},"author":1,"featured_media":0,"parent":0,"menu_order":0,"comment_status":"closed","ping_status":"open","template":"","meta":{"footnotes":""},"class_list":["post-3","page","type-page","status-publish","hentry"],"_links":{"self":[{"href":"https:\/\/sostag.cc\/index.php\/wp-json\/wp\/v2\/pages\/3","targetHints":{"allow":["GET"]}}],"collection":[{"href":"https:\/\/sostag.cc\/index.php\/wp-json\/wp\/v2\/pages"}],"about":[{"href":"https:\/\/sostag.cc\/index.php\/wp-json\/wp\/v2\/types\/page"}],"author":[{"embeddable":true,"href":"https:\/\/sostag.cc\/index.php\/wp-json\/wp\/v2\/users\/1"}],"replies":[{"embeddable":true,"href":"https:\/\/sostag.cc\/index.php\/wp-json\/wp\/v2\/comments?post=3"}],"version-history":[{"count":3,"href":"https:\/\/sostag.cc\/index.php\/wp-json\/wp\/v2\/pages\/3\/revisions"}],"predecessor-version":[{"id":172,"href":"https:\/\/sostag.cc\/index.php\/wp-json\/wp\/v2\/pages\/3\/revisions\/172"}],"wp:attachment":[{"href":"https:\/\/sostag.cc\/index.php\/wp-json\/wp\/v2\/media?parent=3"}],"curies":[{"name":"wp","href":"https:\/\/api.w.org\/{rel}","templated":true}]}}